{"id":2,"date":"2023-05-18T14:57:23","date_gmt":"2023-05-18T11:57:23","guid":{"rendered":"http:\/\/armak-e.com\/?page_id=2"},"modified":"2023-08-31T14:47:54","modified_gmt":"2023-08-31T11:47:54","slug":"%d8%a7%d9%84%d8%b5%d9%81%d8%ad%d8%a9-%d8%a7%d9%84%d8%b1%d8%a6%d9%8a%d8%b3%d9%8a%d8%a9","status":"publish","type":"page","link":"https:\/\/armak-e.com\/ar\/","title":{"rendered":"\u0627\u0644\u0635\u0641\u062d\u0629 \u0627\u0644\u0631\u0626\u064a\u0633\u064a\u0629"},"content":{"rendered":"<div id='layer_slider_1'  class='avia-layerslider main_color avia-shadow  avia-builder-el-0  el_before_av_section  avia-builder-el-first  container_wrap sidebar_right'  style='height: 1464px;'  ><\/div>\n\n<style type=\"text\/css\" data-created_by=\"avia_inline_auto\" id=\"style-css-av-libo5ipm-c345f0b329454361af4f961898e38b21\">\n#top .avia-section.av-libo5ipm-c345f0b329454361af4f961898e38b21 .scroll-down-link{\ncolor:#fd0008;\n}\n<\/style>\n<div id='av_section_1'  class='avia-section av-libo5ipm-c345f0b329454361af4f961898e38b21 main_color avia-section-small avia-no-border-styling  avia-builder-el-1  el_after_av_layerslider  el_before_av_section  avia-bg-style-scroll container_wrap sidebar_right'  ><div class=\"av-section-color-overlay-wrap\"><a href='#next-section' title='' class='scroll-down-link av-custom-scroll-down-color' aria-hidden='true' data-av_icon='\ue877' data-av_iconfont='entypo-fontello'><\/a><div class='container av-section-cont-open' ><div class='template-page content  av-content-small alpha units'><div class='post-entry post-entry-type-page post-entry-2'><div class='entry-content-wrapper clearfix'>\n<\/div><\/div><\/div><!-- close content main div --><\/div><\/div><\/div>\n<style type=\"text\/css\" data-created_by=\"avia_inline_auto\" id=\"style-css-av-libdrqzt-6170a4a6fa2efb34cec5e02da7ac11cf\">\n.avia-section.av-libdrqzt-6170a4a6fa2efb34cec5e02da7ac11cf{\nbackground-repeat:no-repeat;\nbackground-image:url(https:\/\/armak-e.com\/ar\/wp-content\/uploads\/2023\/06\/metal-strokes-1.webp);\nbackground-position:100% 50%;\nbackground-attachment:scroll;\n}\n<\/style>\n<div id='av_section_2'  class='avia-section av-libdrqzt-6170a4a6fa2efb34cec5e02da7ac11cf main_color avia-section-default avia-no-border-styling  avia-builder-el-2  el_after_av_section  el_before_av_section  avia-bg-style-scroll container_wrap sidebar_right'  data-section-bg-repeat='no-repeat'><div class='container av-section-cont-open' ><div class='template-page content  av-content-small alpha units'><div class='post-entry post-entry-type-page post-entry-2'><div class='entry-content-wrapper clearfix'>\n<div class='flex_column av-liblgv62-5c9b9c83fd1c70a8566f9b53ebc88b8c av_one_full  avia-builder-el-3  avia-builder-el-no-sibling  first flex_column_div av-animated-generic fade-in-left '     ><\/div>\n\n<\/div><\/div><\/div><!-- close content main div --><\/div><\/div>\n<style type=\"text\/css\" data-created_by=\"avia_inline_auto\" id=\"style-css-av-lid0l679-4fca1d8a276d186ae8dcd52c5259ef14\">\n.avia-section.av-lid0l679-4fca1d8a276d186ae8dcd52c5259ef14{\nbackground-color:#6d6e72;\nbackground-image:unset;\n}\n<\/style>\n<div id='av_section_3'  class='avia-section av-lid0l679-4fca1d8a276d186ae8dcd52c5259ef14 main_color avia-section-default avia-no-border-styling  avia-builder-el-5  el_after_av_section  el_before_av_section  avia-bg-style-scroll container_wrap sidebar_right'  ><div class='container av-section-cont-open' ><div class='template-page content  av-content-small alpha units'><div class='post-entry post-entry-type-page post-entry-2'><div class='entry-content-wrapper clearfix'>\n\n<style type=\"text\/css\" data-created_by=\"avia_inline_auto\" id=\"style-css-av-ddpq-985f7f81cbe2e6f194aa57d180abf2c2\">\n.flex_column.av-ddpq-985f7f81cbe2e6f194aa57d180abf2c2{\nborder-width:1px;\nborder-color:#686868;\nborder-style:solid;\npadding:50px 50px 50px 50px;\n}\n<\/style>\n<div class='flex_column av-ddpq-985f7f81cbe2e6f194aa57d180abf2c2 av_one_fourth  avia-builder-el-6  el_before_av_one_fourth  avia-builder-el-first  kutu1 first flex_column_div av-animated-generic roll-in '     id=\"kutu1\"  ><div  class=\"avia-animated-number av-14ra-e3147e3979527b6275f5c9ac884e1ad3 av-force-default-color avia_animate_when_visible  avia-builder-el-7  avia-builder-el-no-sibling  avia-color-font-light \" data-timer=\"3000\"><strong class=\"heading avia-animated-number-title\"><span class='avia-animated-number-icon av-icon-before-number av-icon-char' aria-hidden='true' data-av_icon='\ue82b' data-av_iconfont='entypo-fontello'><\/span><span class=\"avia-single-number __av-single-number\" data-number_format=\"\" data-number=\"50\" data-start_from=\"0\">50<\/span><span class=\"avia-no-number\">+<\/span><\/strong><div class=\"avia-animated-number-content\"><p>\u0633\u0646\u0648\u0627\u062a \u0645\u0646 \u0627\u0644\u062e\u0628\u0631\u0629<\/p>\n<\/div><\/div><\/div>\n<style type=\"text\/css\" data-created_by=\"avia_inline_auto\" id=\"style-css-av-lid0msuz-d74fd49b0bb5168b8ca6529147ee2c2a\">\n.flex_column.av-lid0msuz-d74fd49b0bb5168b8ca6529147ee2c2a{\nborder-width:1px;\nborder-color:#686868;\nborder-style:solid;\npadding:50px 50px 50px 50px;\n}\n<\/style>\n<div class='flex_column av-lid0msuz-d74fd49b0bb5168b8ca6529147ee2c2a av_one_fourth  avia-builder-el-8  el_after_av_one_fourth  el_before_av_one_fourth  kutu1 flex_column_div av-animated-generic roll-in '     id=\"kutu1\"  ><div  class=\"avia-animated-number av-lid0n6wg-3a34a6317425ef3337a857d9bcb466ae av-force-default-color avia_animate_when_visible  avia-builder-el-9  avia-builder-el-no-sibling  avia-color-font-light \" data-timer=\"3000\"><strong class=\"heading avia-animated-number-title\"><span class='avia-animated-number-icon av-icon-before-number av-icon-char' aria-hidden='true' data-av_icon='\ue844' data-av_iconfont='entypo-fontello'><\/span><span class=\"avia-single-number __av-single-number\" data-number_format=\"\" data-number=\"100\" data-start_from=\"0\">100<\/span><\/strong><div class=\"avia-animated-number-content\"><p>\u0641\u0631\u064a\u0642 \u0641\u0646\u064a<\/p>\n<\/div><\/div><\/div>\n<style type=\"text\/css\" data-created_by=\"avia_inline_auto\" id=\"style-css-av-93x2-3ca2acf8b7f74e422a6c6972b2e5aa32\">\n.flex_column.av-93x2-3ca2acf8b7f74e422a6c6972b2e5aa32{\nborder-width:1px;\nborder-color:#686868;\nborder-style:solid;\npadding:50px 50px 50px 50px;\n}\n<\/style>\n<div class='flex_column av-93x2-3ca2acf8b7f74e422a6c6972b2e5aa32 av_one_fourth  avia-builder-el-10  el_after_av_one_fourth  el_before_av_one_fourth  kutu1 flex_column_div av-animated-generic roll-in '     id=\"kutu1\"  ><div  class=\"avia-animated-number av-7ohy-56879bca5f61863f4dad3fcc8f9e3c31 av-force-default-color avia_animate_when_visible  avia-builder-el-11  avia-builder-el-no-sibling  avia-color-font-light \" data-timer=\"3000\"><strong class=\"heading avia-animated-number-title\"><span class='avia-animated-number-icon av-icon-before-number av-icon-char' aria-hidden='true' data-av_icon='\ue8b1' data-av_iconfont='entypo-fontello'><\/span><span class=\"avia-single-number __av-single-number\" data-number_format=\"\" data-number=\"100\" data-start_from=\"0\">100<\/span><span class=\"avia-no-number\">+<\/span><\/strong><div class=\"avia-animated-number-content\"><p>\u062a\u0635\u062f\u064a\u0631 \u0625\u0644\u0649 \u0627\u0644\u062f\u0648\u0644\u0629<\/p>\n<\/div><\/div><\/div>\n<style type=\"text\/css\" data-created_by=\"avia_inline_auto\" id=\"style-css-av-6avu-bd95ac81b31364fced0b221831adf1b0\">\n.flex_column.av-6avu-bd95ac81b31364fced0b221831adf1b0{\nborder-width:1px;\nborder-color:#686868;\nborder-style:solid;\npadding:50px 50px 50px 50px;\n}\n<\/style>\n<div class='flex_column av-6avu-bd95ac81b31364fced0b221831adf1b0 av_one_fourth  avia-builder-el-12  el_after_av_one_fourth  avia-builder-el-last  kutu1 flex_column_div av-animated-generic roll-in '     id=\"kutu1\"  ><div  class=\"avia-animated-number av-3k7w-eb77eb103c74627acd75255bdef82f82 av-force-default-color avia_animate_when_visible  avia-builder-el-13  avia-builder-el-no-sibling  avia-color-font-light \" data-timer=\"3000\"><strong class=\"heading avia-animated-number-title\"><span class='avia-animated-number-icon av-icon-before-number av-icon-char' aria-hidden='true' data-av_icon='\ue844' data-av_iconfont='entypo-fontello'><\/span><span class=\"avia-single-number __av-single-number\" data-number_format=\"\" data-number=\"1000\" data-start_from=\"0\">1000<\/span><span class=\"avia-no-number\">+<\/span><\/strong><div class=\"avia-animated-number-content\"><p>\u0632\u0628\u0648\u0646 \u0631\u0627\u0636<\/p>\n<\/div><\/div><\/div>\n\n<\/div><\/div><\/div><!-- close content main div --><\/div><\/div>\n<style type=\"text\/css\" data-created_by=\"avia_inline_auto\" id=\"style-css-av-5mf0-ed929bb77473286247885c3a4c296d47\">\n.avia-section.av-5mf0-ed929bb77473286247885c3a4c296d47{\nbackground-color:#f9f9f9;\nbackground-image:url(https:\/\/armak-e.com\/ar\/wp-content\/uploads\/2023\/06\/decoration-back-main-1-L-half.webp);\nbackground-repeat:no-repeat;\nbackground-position:0% 50%;\nbackground-attachment:scroll;\n}\n<\/style>\n<div id='av_section_4'  class='avia-section av-5mf0-ed929bb77473286247885c3a4c296d47 main_color avia-section-default avia-no-border-styling  avia-builder-el-14  el_after_av_section  el_before_av_section  avia-bg-style-scroll container_wrap sidebar_right'  data-section-bg-repeat='no-repeat'><div class='container av-section-cont-open' ><div class='template-page content  av-content-small alpha units'><div class='post-entry post-entry-type-page post-entry-2'><div class='entry-content-wrapper clearfix'>\n\n<style type=\"text\/css\" data-created_by=\"avia_inline_auto\" id=\"style-css-av-bt2-4addb43edfab6871f8ee66e6ebec6a89\">\n.flex_column.av-bt2-4addb43edfab6871f8ee66e6ebec6a89 .avia-curtain-reveal-overlay{\nz-index:100;\n}\n<\/style>\n<div class='flex_column av-bt2-4addb43edfab6871f8ee66e6ebec6a89 av_one_full  avia-builder-el-15  avia-builder-el-no-sibling  first flex_column_div '     ><div class='avia-curtain-reveal-overlay av-animated-when-visible-95 animate-all-devices curtain-reveal-btt'><\/div><\/div>\n\n<\/div><\/div><\/div><!-- close content main div --><\/div><\/div><div id='av_section_5'  class='avia-section av-5tcq-7a345f8928a478f06e573642bff0afa6 main_color avia-section-no-padding avia-no-border-styling  avia-builder-el-17  el_after_av_section  avia-builder-el-last  avia-bg-style-scroll container_wrap sidebar_right'  ><div class='container av-section-cont-open' ><div class='template-page content  av-content-small alpha units'><div class='post-entry post-entry-type-page post-entry-2'><div class='entry-content-wrapper clearfix'>\n<div class='flex_column_table av-2e1u-555e211d4bb4a0c8eccf299a12d055c3 sc-av_two_fifth av-equal-height-column-flextable'>\n<style type=\"text\/css\" data-created_by=\"avia_inline_auto\" id=\"style-css-av-2e1u-555e211d4bb4a0c8eccf299a12d055c3\">\n.flex_column.av-2e1u-555e211d4bb4a0c8eccf299a12d055c3 .avia-curtain-reveal-overlay{\nz-index:100;\n}\n<\/style>\n<div class='flex_column av-2e1u-555e211d4bb4a0c8eccf299a12d055c3 av_two_fifth  avia-builder-el-18  el_before_av_three_fifth  avia-builder-el-first  first flex_column_table_cell av-equal-height-column av-align-bottom '     ><div class='avia-curtain-reveal-overlay av-animated-when-visible-95 animate-all-devices curtain-reveal-rtl'><\/div><style type=\"text\/css\" data-created_by=\"avia_inline_auto\" id=\"style-css-av-lid1ewpf-02a244e30707f0497a4d646cafaabf03\">\n.avia-image-container.av-lid1ewpf-02a244e30707f0497a4d646cafaabf03 img.avia_image{\nbox-shadow:none;\n}\n.avia-image-container.av-lid1ewpf-02a244e30707f0497a4d646cafaabf03 .av-image-caption-overlay-center{\ncolor:#ffffff;\n}\n<\/style>\n<div  class='avia-image-container av-lid1ewpf-02a244e30707f0497a4d646cafaabf03 av-styling- avia-align-center  avia-builder-el-19  avia-builder-el-no-sibling '   itemprop=\"image\" itemscope=\"itemscope\" itemtype=\"https:\/\/schema.org\/ImageObject\" ><div class=\"avia-image-container-inner\"><div class=\"avia-image-overlay-wrap\"><img decoding=\"async\" class='wp-image-159 avia-img-lazy-loading-not-159 avia_image ' src=\"https:\/\/armak-e.com\/ar\/wp-content\/uploads\/2023\/06\/left2.png\" alt='' title='left2'  height=\"1000\" width=\"800\"  itemprop=\"thumbnailUrl\" srcset=\"https:\/\/armak-e.com\/ar\/wp-content\/uploads\/2023\/06\/left2.png 800w, https:\/\/armak-e.com\/ar\/wp-content\/uploads\/2023\/06\/left2-240x300.png 240w, https:\/\/armak-e.com\/ar\/wp-content\/uploads\/2023\/06\/left2-768x960.png 768w, https:\/\/armak-e.com\/ar\/wp-content\/uploads\/2023\/06\/left2-564x705.png 564w\" sizes=\"(max-width: 800px) 100vw, 800px\" \/><\/div><\/div><\/div><\/div><div class='av-flex-placeholder'><\/div><div class='flex_column av-40bw-86943922d33d8fa655d2fa711a67e430 av_three_fifth  avia-builder-el-20  el_after_av_two_fifth  avia-builder-el-last  flex_column_table_cell av-equal-height-column av-align-bottom av-animated-generic fade-in-right '     ><p>\n<style type=\"text\/css\" data-created_by=\"avia_inline_auto\" id=\"style-css-av-lid1xcza-f51bce3f4f81c21f4dcf9365f47c1fb7\">\n#top .hr.hr-invisible.av-lid1xcza-f51bce3f4f81c21f4dcf9365f47c1fb7{\nheight:30px;\n}\n<\/style>\n<div  class='hr av-lid1xcza-f51bce3f4f81c21f4dcf9365f47c1fb7 hr-invisible  avia-builder-el-21  el_before_av_heading  avia-builder-el-first '><span class='hr-inner '><span class=\"hr-inner-style\"><\/span><\/span><\/div><br \/>\n\n<style type=\"text\/css\" data-created_by=\"avia_inline_auto\" id=\"style-css-av-lid1kxpo-ea66ddf49559501df4611bb4272b194b\">\n#top .av-special-heading.av-lid1kxpo-ea66ddf49559501df4611bb4272b194b{\npadding-bottom:10px;\ncolor:#303030;\nfont-size:24px;\n}\nbody .av-special-heading.av-lid1kxpo-ea66ddf49559501df4611bb4272b194b .av-special-heading-tag .heading-char{\nfont-size:25px;\n}\n#top #wrap_all .av-special-heading.av-lid1kxpo-ea66ddf49559501df4611bb4272b194b .av-special-heading-tag{\nfont-size:24px;\n}\n.av-special-heading.av-lid1kxpo-ea66ddf49559501df4611bb4272b194b .special-heading-inner-border{\nborder-color:#303030;\n}\n.av-special-heading.av-lid1kxpo-ea66ddf49559501df4611bb4272b194b .av-subheading{\nfont-size:15px;\ncolor:#fd0008;\n}\n\n@media only screen and (min-width: 480px) and (max-width: 767px){ \n#top #wrap_all .av-special-heading.av-lid1kxpo-ea66ddf49559501df4611bb4272b194b .av-special-heading-tag{\nfont-size:0.8em;\n}\n}\n\n@media only screen and (max-width: 479px){ \n#top #wrap_all .av-special-heading.av-lid1kxpo-ea66ddf49559501df4611bb4272b194b .av-special-heading-tag{\nfont-size:0.8em;\n}\n}\n<\/style>\n<div  class='av-special-heading av-lid1kxpo-ea66ddf49559501df4611bb4272b194b av-special-heading-h3 custom-color-heading blockquote modern-quote  avia-builder-el-22  el_after_av_hr  el_before_av_icon_box  av-thin-font av-inherit-size'><div class='av_custom_color av-subheading av-subheading_above'><p>\u062a\u0645\u064a\u0632 ARMAK \u0648\u0627\u0644\u062c\u0648\u062f\u0629<\/p>\n<\/div><h3 class='av-special-heading-tag'  itemprop=\"headline\"  ><strong>\u0625\u0646\u0647\u0627 \u0634\u0631\u0643\u0629 \u0631\u0627\u0633\u062e\u0629 \u062a\u0646\u062a\u062c \u0622\u0644\u0627\u062a \u062b\u0646\u064a \u0627\u0644\u0623\u0646\u0627\u0628\u064a\u0628 \u0627\u0644\u0647\u064a\u062f\u0631\u0648\u0644\u064a\u0643\u064a\u0629 \u0627\u0644\u0645\u062d\u0644\u064a\u0629 \u0648\u0623\u062f\u0648\u0627\u062a \u0627\u0644\u062a\u0642\u0648\u064a\u0645 \u0627\u0644\u062a\u0644\u0642\u0627\u0626\u064a \u062a\u062d\u062a \u0627\u0644\u0639\u0644\u0627\u0645\u0629 \u0627\u0644\u062a\u062c\u0627\u0631\u064a\u0629 ARMAK.<\/strong><\/h3><div class=\"special-heading-border\"><div class=\"special-heading-inner-border\"><\/div><\/div><\/div><br \/>\n\n<style type=\"text\/css\" data-created_by=\"avia_inline_auto\" id=\"style-css-av-485u-85787fe522a637ebd60213cecad1d191\">\n.iconbox.av-485u-85787fe522a637ebd60213cecad1d191 .iconbox_icon{\ncolor:#fd0008;\n}\n#top #wrap_all .iconbox.av-485u-85787fe522a637ebd60213cecad1d191 .iconbox_content_title{\ncolor:#686868;\n}\n.iconbox.av-485u-85787fe522a637ebd60213cecad1d191 .iconbox_content_container{\ncolor:#303030;\n}\n<\/style>\n<article  class='iconbox iconbox_left av-485u-85787fe522a637ebd60213cecad1d191  avia-builder-el-23  el_after_av_heading  el_before_av_heading '  itemscope=\"itemscope\" itemtype=\"https:\/\/schema.org\/CreativeWork\" ><div class=\"iconbox_content\"><header class=\"entry-content-header\"><div class=\"iconbox_icon heading-color\" aria-hidden='true' data-av_icon='\ue812' data-av_iconfont='entypo-fontello'><\/div><h3 class='iconbox_content_title '  itemprop=\"headline\" >\u0645\u0646 \u0630\u0648\u064a \u0627\u0644\u062e\u0628\u0631\u0629 \u0641\u064a \u0627\u0644\u0645\u062c\u0627\u0644<\/h3><\/header><div class='iconbox_content_container av_inherit_color'  itemprop=\"text\" ><p>\u064a\u0633\u0639\u062f\u0646\u0627 \u0627\u0644\u0627\u0633\u062a\u0645\u0631\u0627\u0631 \u0641\u064a \u062e\u062f\u0645\u062a\u0643 \u060c \u0639\u0645\u0644\u0627\u0626\u0646\u0627 \u0627\u0644\u0643\u0631\u0627\u0645 \u060c \u0645\u0646 \u062e\u0644\u0627\u0644 \u0636\u0645\u0627\u0646 \u0648\u062c\u0648\u062f\u0629 \u0622\u0644\u0627\u062a \u062b\u0646\u064a \u0627\u0644\u0623\u0646\u0627\u0628\u064a\u0628 \u0627\u0644\u0647\u064a\u062f\u0631\u0648\u0644\u064a\u0643\u064a\u0629 \u0648\u0623\u062f\u0648\u0627\u062a \u0627\u0644\u062a\u0642\u0648\u064a\u0645 \u0627\u0644\u062a\u0644\u0642\u0627\u0626\u064a \u060c \u0648\u0627\u0644\u062a\u064a \u064a\u062a\u0645 \u0625\u0646\u062a\u0627\u062c \u062c\u0645\u064a\u0639 \u0645\u0631\u0627\u062d\u0644\u0647\u0627 \u0641\u064a \u0645\u0646\u0634\u0623\u0629 \u0627\u0644\u0625\u0646\u062a\u0627\u062c \u0627\u0644\u062e\u0627\u0635\u0629 \u0628\u0646\u0627.<\/p>\n<\/div><\/div><footer class=\"entry-footer\"><\/footer><\/article><br \/>\n\n<style type=\"text\/css\" data-created_by=\"avia_inline_auto\" id=\"style-css-av-lid1qwbg-adf9509c9f43101abceb5c2690a74523\">\n#top .av-special-heading.av-lid1qwbg-adf9509c9f43101abceb5c2690a74523{\npadding-bottom:10px;\ncolor:#303030;\nfont-size:24px;\n}\nbody .av-special-heading.av-lid1qwbg-adf9509c9f43101abceb5c2690a74523 .av-special-heading-tag .heading-char{\nfont-size:25px;\n}\n#top #wrap_all .av-special-heading.av-lid1qwbg-adf9509c9f43101abceb5c2690a74523 .av-special-heading-tag{\nfont-size:24px;\n}\n.av-special-heading.av-lid1qwbg-adf9509c9f43101abceb5c2690a74523 .special-heading-inner-border{\nborder-color:#303030;\n}\n.av-special-heading.av-lid1qwbg-adf9509c9f43101abceb5c2690a74523 .av-subheading{\nfont-size:15px;\n}\n\n@media only screen and (min-width: 480px) and (max-width: 767px){ \n#top #wrap_all .av-special-heading.av-lid1qwbg-adf9509c9f43101abceb5c2690a74523 .av-special-heading-tag{\nfont-size:0.8em;\n}\n}\n\n@media only screen and (max-width: 479px){ \n#top #wrap_all .av-special-heading.av-lid1qwbg-adf9509c9f43101abceb5c2690a74523 .av-special-heading-tag{\nfont-size:0.8em;\n}\n}\n<\/style>\n<div  class='av-special-heading av-lid1qwbg-adf9509c9f43101abceb5c2690a74523 av-special-heading-h3 custom-color-heading blockquote modern-quote  avia-builder-el-24  el_after_av_icon_box  el_before_av_contact  av-thin-font av-inherit-size'><h3 class='av-special-heading-tag'  itemprop=\"headline\"  ><strong>\u0646\u0645\u0648\u0630\u062c \u0637\u0644\u0628<\/strong><\/h3><div class=\"special-heading-border\"><div class=\"special-heading-inner-border\"><\/div><\/div><\/div><br \/>\n<form action=\"https:\/\/armak-e.com\/ar\/\" method=\"post\"  class=\"avia_ajax_form av-form-labels-hidden   avia-builder-el-25  el_after_av_heading  avia-builder-el-last  kon1  \" data-avia-form-id=\"1\" data-avia-redirect=''  id=\"kon1\" ><fieldset><p class='  first_form  form_element form_element_half' id='element_avia_1_1'><label for=\"avia_1_1\">\u0627\u0633\u0645 <abbr class=\"required\" title=\"Zorunlu\">*<\/abbr><\/label> <input name=\"avia_1_1\" class=\"text_input is_empty\" type=\"text\" id=\"avia_1_1\" value=\"\"  placeholder='\u0627\u0633\u0645*'\/><\/p><p class='  form_element form_element_half' id='element_avia_2_1'><label for=\"avia_2_1\">\u0628\u0631\u064a\u062f \u0625\u0644\u0643\u062a\u0631\u0648\u0646\u064a <abbr class=\"required\" title=\"Zorunlu\">*<\/abbr><\/label> <input name=\"avia_2_1\" class=\"text_input is_empty\" type=\"text\" id=\"avia_2_1\" value=\"\"  placeholder='\u0628\u0631\u064a\u062f \u0625\u0644\u0643\u062a\u0631\u0648\u0646\u064a*'\/><\/p><p class='  first_form  form_element form_fullwidth' id='element_avia_3_1'><label for=\"avia_3_1\">\u0647\u0627\u062a\u0641 <abbr class=\"required\" title=\"Zorunlu\">*<\/abbr><\/label> <input name=\"avia_3_1\" class=\"text_input is_empty\" type=\"text\" id=\"avia_3_1\" value=\"\"  placeholder='\u0647\u0627\u062a\u0641*'\/><\/p><p class='  first_form  form_element form_fullwidth' id='element_avia_4_1'><label for=\"avia_4_1\">\u0645\u0648\u0636\u0648\u0639 <abbr class=\"required\" title=\"Zorunlu\">*<\/abbr><\/label><select  name=\"avia_4_1\" class=\"select is_empty\" id=\"avia_4_1\"><option class=\"av-placeholder\" disabled=\"disabled\" selected=\"selected\" value=''>\u0645\u0648\u0636\u0648\u0639*<\/option><option   value='\u00dcr\u00fcn Talebi'>\u00dcr\u00fcn Talebi<\/option><option   value='Bayilik Talebi'>Bayilik Talebi<\/option><option   value='Di\u011fer'>Di\u011fer<\/option><\/select><\/p><p class='  first_form  form_element form_fullwidth' id='element_avia_5_1'><label for=\"avia_5_1\">\u0631\u0633\u0627\u0644\u0629 <abbr class=\"required\" title=\"Zorunlu\">*<\/abbr><\/label> <input name=\"avia_5_1\" class=\"text_input is_empty\" type=\"text\" id=\"avia_5_1\" value=\"\"  placeholder='\u0631\u0633\u0627\u0644\u0629*'\/><\/p><p class=\"hidden\"><input type=\"text\" name=\"avia_6_1\" class=\"hidden \" id=\"avia_6_1\" value=\"\" \/><\/p><div id='avia_7_1' class='av-recaptcha-area  first_form  form_element form_fullwidth '  data-container_class=\"\" data-custom_class=\"\" data-context=\"av_contact_form\" data-token_input=\"av_recaptcha_token\" data-version=\"avia_recaptcha_v2\" data-theme=\"light\" data-size=\"normal\" data-score=\"0.5\" data-text_to_preview=\"\" data-value=\"\"><div class=\"av-google-badge-message hidden\">This site is protected by reCAPTCHA and the Google <a href=\"https:\/\/policies.google.com\/privacy\">Privacy Policy<\/a> and <a href=\"https:\/\/policies.google.com\/terms\">Terms of Service<\/a> apply.<\/div><\/div><p class=\"form_element \"><input type=\"hidden\" value=\"1\" name=\"avia_generated_form1\" \/><input type=\"submit\" value=\"\u064a\u0631\u0633\u0644\" class=\"button\"  data-sending-label=\"G\u00f6nderiliyor\"\/><\/p><\/fieldset><div class=\"avia-disabled-form\">This contact form is deactivated because you refused to accept Google reCaptcha service which is necessary to validate any messages sent by the form.<\/div><\/form><div id=\"ajaxresponse_1\" class=\"ajaxresponse ajaxresponse_1 hidden\"><\/div><\/p><\/div><\/div><!--close column table wrapper. Autoclose: 1 --><\/div><\/div><\/div><!-- close content main div --><\/div><\/div><div id='after_section_5'  class='main_color av_default_container_wrap container_wrap sidebar_right'  ><div class='container av-section-cont-open' ><div class='template-page content  av-content-small alpha units'><div class='post-entry post-entry-type-page post-entry-2'><div class='entry-content-wrapper clearfix'>\n","protected":false},"excerpt":{"rendered":"","protected":false},"author":1,"featured_media":0,"parent":0,"menu_order":0,"comment_status":"closed","ping_status":"open","template":"","meta":{"footnotes":""},"class_list":["post-2","page","type-page","status-publish","hentry"],"_links":{"self":[{"href":"https:\/\/armak-e.com\/ar\/wp-json\/wp\/v2\/pages\/2","targetHints":{"allow":["GET"]}}],"collection":[{"href":"https:\/\/armak-e.com\/ar\/wp-json\/wp\/v2\/pages"}],"about":[{"href":"https:\/\/armak-e.com\/ar\/wp-json\/wp\/v2\/types\/page"}],"author":[{"embeddable":true,"href":"https:\/\/armak-e.com\/ar\/wp-json\/wp\/v2\/users\/1"}],"replies":[{"embeddable":true,"href":"https:\/\/armak-e.com\/ar\/wp-json\/wp\/v2\/comments?post=2"}],"version-history":[{"count":192,"href":"https:\/\/armak-e.com\/ar\/wp-json\/wp\/v2\/pages\/2\/revisions"}],"predecessor-version":[{"id":775,"href":"https:\/\/armak-e.com\/ar\/wp-json\/wp\/v2\/pages\/2\/revisions\/775"}],"wp:attachment":[{"href":"https:\/\/armak-e.com\/ar\/wp-json\/wp\/v2\/media?parent=2"}],"curies":[{"name":"wp","href":"https:\/\/api.w.org\/{rel}","templated":true}]}}